{"id":767,"date":"2024-11-28T14:11:40","date_gmt":"2024-11-28T14:11:40","guid":{"rendered":"https:\/\/informaticoenlared.es\/tiendasonline\/?post_type=product&#038;p=767"},"modified":"2024-11-28T14:11:40","modified_gmt":"2024-11-28T14:11:40","slug":"bravery-comida-pollo-para-pequena-cachorro-7-kg-talla-s","status":"publish","type":"product","link":"https:\/\/informaticoenlared.es\/tiendasonline\/product\/bravery-comida-pollo-para-pequena-cachorro-7-kg-talla-s\/","title":{"rendered":"BRAVERY Comida Pollo para peque\u00f1a Cachorro 7 kg, Talla S"},"content":{"rendered":"<ul class=\"a-unordered-list a-vertical a-spacing-mini\">\n<li class=\"a-spacing-mini\"><span class=\"a-list-item\"> croquettes Mini Puppy para peque\u00f1o perro en el pollo <\/span><\/li>\n<li class=\"a-spacing-mini\"><span class=\"a-list-item\"> Alimentaci\u00f3n s\u00f3lo a base de carne (mono-prot\u00e9ique) <\/span><\/li>\n<li class=\"a-spacing-mini\"><span class=\"a-list-item\"> Administrar en forma seca. Dejar de agua a disposici\u00f3n de la mascota. <\/span><\/li>\n<li class=\"a-spacing-mini\"><span class=\"a-list-item\"> Contribuci\u00f3n de vitaminas, minerales y \u00e1cidos grasos esenciales est\u00e1n contenidos en este alimentaci\u00f3n. <\/span><\/li>\n<\/ul>\n","protected":false},"excerpt":{"rendered":"<p><span class=\"a-list-item\">croquettes Mini Puppy para peque\u00f1o perro en el pollo <\/span><\/p>\n","protected":false},"featured_media":768,"comment_status":"open","ping_status":"closed","template":"","meta":{"_bst_post_transparent":"default","_bst_post_title":"","_bst_post_layout":"default","_bst_post_sidebar_id":"","_bst_post_content_style":"default","_bst_post_vertical_padding":"default","_bst_post_feature":"","_bst_post_feature_position":"","_bst_post_header":false,"_bst_post_footer":false},"product_cat":[84,86,87],"product_tag":[92,91],"product_brands":[],"class_list":{"0":"post-767","1":"product","2":"type-product","3":"status-publish","4":"has-post-thumbnail","6":"product_cat-alimentos","7":"product_cat-alimentos-perros","8":"product_cat-pienso-seco","9":"product_tag-perros","10":"product_tag-pienso","12":"first","13":"instock","14":"shipping-taxable","15":"purchasable","16":"product-type-simple","17":"entry","18":"content-bg","19":"loop-entry"},"_links":{"self":[{"href":"https:\/\/informaticoenlared.es\/tiendasonline\/wp-json\/wp\/v2\/product\/767","targetHints":{"allow":["GET"]}}],"collection":[{"href":"https:\/\/informaticoenlared.es\/tiendasonline\/wp-json\/wp\/v2\/product"}],"about":[{"href":"https:\/\/informaticoenlared.es\/tiendasonline\/wp-json\/wp\/v2\/types\/product"}],"replies":[{"embeddable":true,"href":"https:\/\/informaticoenlared.es\/tiendasonline\/wp-json\/wp\/v2\/comments?post=767"}],"wp:featuredmedia":[{"embeddable":true,"href":"https:\/\/informaticoenlared.es\/tiendasonline\/wp-json\/wp\/v2\/media\/768"}],"wp:attachment":[{"href":"https:\/\/informaticoenlared.es\/tiendasonline\/wp-json\/wp\/v2\/media?parent=767"}],"wp:term":[{"taxonomy":"product_cat","embeddable":true,"href":"https:\/\/informaticoenlared.es\/tiendasonline\/wp-json\/wp\/v2\/product_cat?post=767"},{"taxonomy":"product_tag","embeddable":true,"href":"https:\/\/informaticoenlared.es\/tiendasonline\/wp-json\/wp\/v2\/product_tag?post=767"},{"taxonomy":"product_brands","embeddable":true,"href":"https:\/\/informaticoenlared.es\/tiendasonline\/wp-json\/wp\/v2\/product_brands?post=767"}],"curies":[{"name":"wp","href":"https:\/\/api.w.org\/{rel}","templated":true}]}}